{"id":387,"date":"2019-02-06T15:29:31","date_gmt":"2019-02-06T15:29:31","guid":{"rendered":"http:\/\/concerned-coyote.w5.wpsandbox.pro\/?page_id=387"},"modified":"2020-02-10T15:31:01","modified_gmt":"2020-02-10T13:31:01","slug":"contact","status":"publish","type":"page","link":"https:\/\/www.tampereenkielikoulu.fi\/index.php\/contact\/","title":{"rendered":"Ota yhteytt\u00e4"},"content":{"rendered":"\n<h5 class=\"has-text-align-center wp-block-heading\">Kyselyt \u2013 Varaukset \u2013 Tiedustelut<\/h5>\n\n\n\n<div class=\"wp-block-columns is-layout-flex wp-container-core-columns-is-layout-9d6595d7 wp-block-columns-is-layout-flex\">\n<div class=\"wp-block-column is-layout-flow wp-block-column-is-layout-flow\">\n<p>Ole hyv\u00e4 ja l\u00e4het\u00e4 s\u00e4hk\u00f6postia, jos olet kiinnostunut kielikoulun palveluista tai auktorisoiduista k\u00e4\u00e4nn\u00f6ksist\u00e4.<\/p>\n\n\n\n<p>Vastaamme pian! \ud83d\ude0a <\/p>\n<\/div>\n\n\n\n<div class=\"wp-block-column is-layout-flow wp-block-column-is-layout-flow\">\n<ul class=\"wp-block-list\"><li><strong>Email<\/strong><br><a href=\"mailto:pia.nyman@tampereenkielikoulu.fi\">pia.nyman@tampereenkielikoulu.fi<\/a><br><\/li><li><strong>Sijainti<\/strong><br>Tampere<br>K\u00e4rk\u00f6l\u00e4 <\/li><\/ul>\n<\/div>\n<\/div>\n","protected":false},"excerpt":{"rendered":"<p>Kyselyt \u2013 Varaukset \u2013 Tiedustelut Ole hyv\u00e4 ja l\u00e4het\u00e4 s\u00e4hk\u00f6postia, jos olet kiinnostunut kielikoulun palveluista tai auktorisoiduista k\u00e4\u00e4nn\u00f6ksist\u00e4. Vastaamme pian! \ud83d\ude0a Emailpia.nyman@tampereenkielikoulu.fi SijaintiTampereK\u00e4rk\u00f6l\u00e4 &hellip; <a href=\"https:\/\/www.tampereenkielikoulu.fi\/index.php\/contact\/\" class=\"more-link\"><span class=\"more-button\">Continue reading<span class=\"screen-reader-text\">Ota yhteytt\u00e4<\/span><\/span><\/a><\/p>\n","protected":false},"author":1,"featured_media":0,"parent":0,"menu_order":0,"comment_status":"closed","ping_status":"closed","template":"","meta":{"footnotes":""},"class_list":["post-387","page","type-page","status-publish","hentry"],"yoast_head":"<!-- This site is optimized with the Yoast SEO plugin v24.9 - https:\/\/yoast.com\/wordpress\/plugins\/seo\/ -->\n<title>Ota yhteytt\u00e4 &#8226; Tampereen Kielikoulu<\/title>\n<meta name=\"robots\" content=\"index, follow, max-snippet:-1, max-image-preview:large, max-video-preview:-1\" \/>\n<link rel=\"canonical\" href=\"https:\/\/www.tampereenkielikoulu.fi\/index.php\/contact\/\" \/>\n<meta property=\"og:locale\" content=\"fi_FI\" \/>\n<meta property=\"og:type\" content=\"article\" \/>\n<meta property=\"og:title\" content=\"Ota yhteytt\u00e4 &#8226; Tampereen Kielikoulu\" \/>\n<meta property=\"og:description\" content=\"Kyselyt \u2013 Varaukset \u2013 Tiedustelut Ole hyv\u00e4 ja l\u00e4het\u00e4 s\u00e4hk\u00f6postia, jos olet kiinnostunut kielikoulun palveluista tai auktorisoiduista k\u00e4\u00e4nn\u00f6ksist\u00e4. Vastaamme pian! \ud83d\ude0a Emailpia.nyman@tampereenkielikoulu.fi SijaintiTampereK\u00e4rk\u00f6l\u00e4 &hellip; Continue readingOta yhteytt\u00e4\" \/>\n<meta property=\"og:url\" content=\"https:\/\/www.tampereenkielikoulu.fi\/index.php\/contact\/\" \/>\n<meta property=\"og:site_name\" content=\"Tampereen Kielikoulu\" \/>\n<meta property=\"article:publisher\" content=\"https:\/\/www.facebook.com\/tampereenkielikoulu.fi\/\" \/>\n<meta property=\"article:modified_time\" content=\"2020-02-10T13:31:01+00:00\" \/>\n<meta name=\"twitter:card\" content=\"summary_large_image\" \/>\n<script type=\"application\/ld+json\" class=\"yoast-schema-graph\">{\"@context\":\"https:\/\/schema.org\",\"@graph\":[{\"@type\":\"WebPage\",\"@id\":\"https:\/\/www.tampereenkielikoulu.fi\/index.php\/contact\/\",\"url\":\"https:\/\/www.tampereenkielikoulu.fi\/index.php\/contact\/\",\"name\":\"Ota yhteytt\u00e4 &#8226; Tampereen Kielikoulu\",\"isPartOf\":{\"@id\":\"https:\/\/www.tampereenkielikoulu.fi\/#website\"},\"datePublished\":\"2019-02-06T15:29:31+00:00\",\"dateModified\":\"2020-02-10T13:31:01+00:00\",\"breadcrumb\":{\"@id\":\"https:\/\/www.tampereenkielikoulu.fi\/index.php\/contact\/#breadcrumb\"},\"inLanguage\":\"fi\",\"potentialAction\":[{\"@type\":\"ReadAction\",\"target\":[\"https:\/\/www.tampereenkielikoulu.fi\/index.php\/contact\/\"]}]},{\"@type\":\"BreadcrumbList\",\"@id\":\"https:\/\/www.tampereenkielikoulu.fi\/index.php\/contact\/#breadcrumb\",\"itemListElement\":[{\"@type\":\"ListItem\",\"position\":1,\"name\":\"Home\",\"item\":\"https:\/\/www.tampereenkielikoulu.fi\/\"},{\"@type\":\"ListItem\",\"position\":2,\"name\":\"Ota yhteytt\u00e4\"}]},{\"@type\":\"WebSite\",\"@id\":\"https:\/\/www.tampereenkielikoulu.fi\/#website\",\"url\":\"https:\/\/www.tampereenkielikoulu.fi\/\",\"name\":\"Tampereen Kielikoulu\",\"description\":\"We Love Languages\",\"publisher\":{\"@id\":\"https:\/\/www.tampereenkielikoulu.fi\/#organization\"},\"potentialAction\":[{\"@type\":\"SearchAction\",\"target\":{\"@type\":\"EntryPoint\",\"urlTemplate\":\"https:\/\/www.tampereenkielikoulu.fi\/?s={search_term_string}\"},\"query-input\":{\"@type\":\"PropertyValueSpecification\",\"valueRequired\":true,\"valueName\":\"search_term_string\"}}],\"inLanguage\":\"fi\"},{\"@type\":\"Organization\",\"@id\":\"https:\/\/www.tampereenkielikoulu.fi\/#organization\",\"name\":\"Tampereen Kielikoulu\",\"url\":\"https:\/\/www.tampereenkielikoulu.fi\/\",\"logo\":{\"@type\":\"ImageObject\",\"inLanguage\":\"fi\",\"@id\":\"https:\/\/www.tampereenkielikoulu.fi\/#\/schema\/logo\/image\/\",\"url\":\"https:\/\/www.tampereenkielikoulu.fi\/wp-content\/uploads\/2019\/12\/book-3259352-scaled.jpg\",\"contentUrl\":\"https:\/\/www.tampereenkielikoulu.fi\/wp-content\/uploads\/2019\/12\/book-3259352-scaled.jpg\",\"width\":2560,\"height\":1707,\"caption\":\"Tampereen Kielikoulu\"},\"image\":{\"@id\":\"https:\/\/www.tampereenkielikoulu.fi\/#\/schema\/logo\/image\/\"},\"sameAs\":[\"https:\/\/www.facebook.com\/tampereenkielikoulu.fi\/\",\"https:\/\/www.instagram.com\/tampereenkielikoulu\/\"]}]}<\/script>\n<!-- \/ Yoast SEO plugin. -->","yoast_head_json":{"title":"Ota yhteytt\u00e4 &#8226; Tampereen Kielikoulu","robots":{"index":"index","follow":"follow","max-snippet":"max-snippet:-1","max-image-preview":"max-image-preview:large","max-video-preview":"max-video-preview:-1"},"canonical":"https:\/\/www.tampereenkielikoulu.fi\/index.php\/contact\/","og_locale":"fi_FI","og_type":"article","og_title":"Ota yhteytt\u00e4 &#8226; Tampereen Kielikoulu","og_description":"Kyselyt \u2013 Varaukset \u2013 Tiedustelut Ole hyv\u00e4 ja l\u00e4het\u00e4 s\u00e4hk\u00f6postia, jos olet kiinnostunut kielikoulun palveluista tai auktorisoiduista k\u00e4\u00e4nn\u00f6ksist\u00e4. Vastaamme pian! \ud83d\ude0a Emailpia.nyman@tampereenkielikoulu.fi SijaintiTampereK\u00e4rk\u00f6l\u00e4 &hellip; Continue readingOta yhteytt\u00e4","og_url":"https:\/\/www.tampereenkielikoulu.fi\/index.php\/contact\/","og_site_name":"Tampereen Kielikoulu","article_publisher":"https:\/\/www.facebook.com\/tampereenkielikoulu.fi\/","article_modified_time":"2020-02-10T13:31:01+00:00","twitter_card":"summary_large_image","schema":{"@context":"https:\/\/schema.org","@graph":[{"@type":"WebPage","@id":"https:\/\/www.tampereenkielikoulu.fi\/index.php\/contact\/","url":"https:\/\/www.tampereenkielikoulu.fi\/index.php\/contact\/","name":"Ota yhteytt\u00e4 &#8226; Tampereen Kielikoulu","isPartOf":{"@id":"https:\/\/www.tampereenkielikoulu.fi\/#website"},"datePublished":"2019-02-06T15:29:31+00:00","dateModified":"2020-02-10T13:31:01+00:00","breadcrumb":{"@id":"https:\/\/www.tampereenkielikoulu.fi\/index.php\/contact\/#breadcrumb"},"inLanguage":"fi","potentialAction":[{"@type":"ReadAction","target":["https:\/\/www.tampereenkielikoulu.fi\/index.php\/contact\/"]}]},{"@type":"BreadcrumbList","@id":"https:\/\/www.tampereenkielikoulu.fi\/index.php\/contact\/#breadcrumb","itemListElement":[{"@type":"ListItem","position":1,"name":"Home","item":"https:\/\/www.tampereenkielikoulu.fi\/"},{"@type":"ListItem","position":2,"name":"Ota yhteytt\u00e4"}]},{"@type":"WebSite","@id":"https:\/\/www.tampereenkielikoulu.fi\/#website","url":"https:\/\/www.tampereenkielikoulu.fi\/","name":"Tampereen Kielikoulu","description":"We Love Languages","publisher":{"@id":"https:\/\/www.tampereenkielikoulu.fi\/#organization"},"potentialAction":[{"@type":"SearchAction","target":{"@type":"EntryPoint","urlTemplate":"https:\/\/www.tampereenkielikoulu.fi\/?s={search_term_string}"},"query-input":{"@type":"PropertyValueSpecification","valueRequired":true,"valueName":"search_term_string"}}],"inLanguage":"fi"},{"@type":"Organization","@id":"https:\/\/www.tampereenkielikoulu.fi\/#organization","name":"Tampereen Kielikoulu","url":"https:\/\/www.tampereenkielikoulu.fi\/","logo":{"@type":"ImageObject","inLanguage":"fi","@id":"https:\/\/www.tampereenkielikoulu.fi\/#\/schema\/logo\/image\/","url":"https:\/\/www.tampereenkielikoulu.fi\/wp-content\/uploads\/2019\/12\/book-3259352-scaled.jpg","contentUrl":"https:\/\/www.tampereenkielikoulu.fi\/wp-content\/uploads\/2019\/12\/book-3259352-scaled.jpg","width":2560,"height":1707,"caption":"Tampereen Kielikoulu"},"image":{"@id":"https:\/\/www.tampereenkielikoulu.fi\/#\/schema\/logo\/image\/"},"sameAs":["https:\/\/www.facebook.com\/tampereenkielikoulu.fi\/","https:\/\/www.instagram.com\/tampereenkielikoulu\/"]}]}},"_links":{"self":[{"href":"https:\/\/www.tampereenkielikoulu.fi\/index.php\/wp-json\/wp\/v2\/pages\/387","targetHints":{"allow":["GET"]}}],"collection":[{"href":"https:\/\/www.tampereenkielikoulu.fi\/index.php\/wp-json\/wp\/v2\/pages"}],"about":[{"href":"https:\/\/www.tampereenkielikoulu.fi\/index.php\/wp-json\/wp\/v2\/types\/page"}],"author":[{"embeddable":true,"href":"https:\/\/www.tampereenkielikoulu.fi\/index.php\/wp-json\/wp\/v2\/users\/1"}],"replies":[{"embeddable":true,"href":"https:\/\/www.tampereenkielikoulu.fi\/index.php\/wp-json\/wp\/v2\/comments?post=387"}],"version-history":[{"count":7,"href":"https:\/\/www.tampereenkielikoulu.fi\/index.php\/wp-json\/wp\/v2\/pages\/387\/revisions"}],"predecessor-version":[{"id":1304,"href":"https:\/\/www.tampereenkielikoulu.fi\/index.php\/wp-json\/wp\/v2\/pages\/387\/revisions\/1304"}],"wp:attachment":[{"href":"https:\/\/www.tampereenkielikoulu.fi\/index.php\/wp-json\/wp\/v2\/media?parent=387"}],"curies":[{"name":"wp","href":"https:\/\/api.w.org\/{rel}","templated":true}]}}